{"id":358,"date":"2017-03-06T20:05:35","date_gmt":"2017-03-06T20:05:35","guid":{"rendered":"http:\/\/www.malexbalet.cz\/?page_id=358"},"modified":"2025-09-03T11:05:38","modified_gmt":"2025-09-03T09:05:38","slug":"baletni-skola","status":"publish","type":"page","link":"https:\/\/www.malexbalet.cz\/?page_id=358","title":{"rendered":"Baletn\u00ed \u0161kola"},"content":{"rendered":"<div id=\"pl-358\"  class=\"panel-layout\" ><div id=\"pg-358-0\"  class=\"panel-grid panel-no-style\" ><div id=\"pgc-358-0-0\"  class=\"panel-grid-cell\" ><div id=\"panel-358-0-0-0\" class=\"so-panel widget widget_black-studio-tinymce widget_black_studio_tinymce panel-first-child panel-last-child\" data-index=\"0\" ><h3 class=\"widget-title\">P\u0159edstaven\u00ed lektor\u016f<\/h3><div class=\"textwidget\"><p>Soukrom\u00e1 baletn\u00ed \u0161kola Malex Ballet School byla zalo\u017eena v\u00a0roce 2013 p\u0159i divadle F. X. \u0160aldy pod veden\u00edm s\u00f3list\u016f baletu Marie Gornalove a Alexeje Yurakova. Je ur\u010dena jak pro d\u011bti, tak \u00a0pro dosp\u011bl\u00e9.<\/p>\n<\/div><\/div><\/div><\/div><div id=\"pg-358-1\"  class=\"panel-grid panel-no-style\" ><div id=\"pgc-358-1-0\"  class=\"panel-grid-cell\" ><div id=\"panel-358-1-0-0\" class=\"so-panel widget widget_sow-image panel-first-child\" data-index=\"1\" ><div\n\t\t\t\n\t\t\tclass=\"so-widget-sow-image so-widget-sow-image-default-c67d20f9f743-358\"\n\t\t\t\n\t\t>\n<div class=\"sow-image-container\">\n\t\t<img \n\tsrc=\"https:\/\/www.malexbalet.cz\/wp-content\/uploads\/2017\/03\/17161028_10212005295069645_1966329215_n-e1489446881365.jpg\" width=\"400\" height=\"500\" sizes=\"(max-width: 400px) 100vw, 400px\" title=\"17161028_10212005295069645_1966329215_n\" alt=\"\" \t\tclass=\"so-widget-image\"\/>\n\t<\/div>\n\n<\/div><\/div><div id=\"panel-358-1-0-1\" class=\"so-panel widget widget_black-studio-tinymce widget_black_studio_tinymce panel-last-child\" data-index=\"2\" ><h3 class=\"widget-title\">MARIA GORNALOVA, DiS.<\/h3><div class=\"textwidget\"><p data-start=\"168\" data-end=\"238\"><strong data-start=\"168\" data-end=\"236\">\u201eD\u011bl\u00e1m balet s l\u00e1skou a nad\u0161en\u00edm a r\u00e1da p\u0159ed\u00e1v\u00e1m sv\u00e9 um\u011bn\u00ed d\u00e1l.\u201c<\/strong><\/p>\n<p data-start=\"240\" data-end=\"494\">Narodila se v Jekat\u011brinburgu. Ne\u017e objevila tanec, kter\u00fd se stal jej\u00ed \u017eivotn\u00ed v\u00e1\u0161n\u00ed, v\u011bnovala se od \u010dty\u0159 let gymnastice, krasobruslen\u00ed a h\u0159e na kytaru. Po dvou letech v\u0161ak tyto z\u00e1jmy ustoupily baletu. V letech 1989\u20131997 studovala na \u010eagilevov\u011b akademii.<\/p>\n<p data-start=\"496\" data-end=\"807\">Po absolutoriu nastoupila do Divadla opery a baletu v Jekat\u011brinburgu a pozd\u011bji z\u00edskala anga\u017em\u00e1 v divadle ve Voron\u011b\u017ei. Od roku 2001 byla Marii Gornalovou mo\u017en\u00e9 spat\u0159it v mnoha inscenac\u00edch N\u00e1rodn\u00edho divadla v Brn\u011b, mezi n\u011b\u017e pat\u0159\u00ed <em data-start=\"724\" data-end=\"773\">Cik\u00e1nsk\u00fd baron, Labut\u00ed jezero, Korz\u00e1r, Bajad\u00e9ra<\/em> \u010di <em data-start=\"777\" data-end=\"804\">Sn\u011bhurka a sedm trpasl\u00edk\u016f<\/em>.<\/p>\n<p data-start=\"809\" data-end=\"1035\">V roce 2003 obdr\u017eela \u010destn\u00e9 uzn\u00e1n\u00ed s pr\u00e9mi\u00ed na I. Mezin\u00e1rodn\u00ed tane\u010dn\u00ed sout\u011b\u017ei v Brn\u011b. V sez\u00f3n\u011b 2007\/2008 tan\u010dila ve St\u00e1tn\u00ed ope\u0159e Praha jako s\u00f3listka. Dnes p\u016fsob\u00ed jako s\u00f3listka baletn\u00edho souboru Divadla F. X. \u0160aldy v Liberci.<\/p>\n<p data-start=\"1037\" data-end=\"1280\">Mimo tanec se dlouhodob\u011b v\u011bnuje i choreografii \u2013 nap\u0159\u00edklad kank\u00e1nu a polce pro operetu <em data-start=\"1124\" data-end=\"1133\">Netop\u00fdr<\/em> \u2013 a pracuje tak\u00e9 jako asistentka re\u017eie opery a baletu. Je zakladatelkou baletn\u00ed \u0161koly <strong data-start=\"1220\" data-end=\"1243\">Malex Ballet School<\/strong> p\u0159i divadle F. X. \u0160aldy v Liberci.<\/p>\n<\/div><\/div><\/div><div id=\"pgc-358-1-1\"  class=\"panel-grid-cell\" ><div id=\"panel-358-1-1-0\" class=\"so-panel widget widget_sow-image panel-first-child\" data-index=\"3\" ><div\n\t\t\t\n\t\t\tclass=\"so-widget-sow-image so-widget-sow-image-default-c67d20f9f743-358\"\n\t\t\t\n\t\t>\n<div class=\"sow-image-container\">\n\t\t<img \n\tsrc=\"https:\/\/www.malexbalet.cz\/wp-content\/uploads\/2017\/03\/17195525_1319590724801256_1161697783_o-e1489447008880.jpg\" width=\"399\" height=\"499\" srcset=\"https:\/\/www.malexbalet.cz\/wp-content\/uploads\/2017\/03\/17195525_1319590724801256_1161697783_o-e1489447008880.jpg 399w, https:\/\/www.malexbalet.cz\/wp-content\/uploads\/2017\/03\/17195525_1319590724801256_1161697783_o-e1489447008880-240x300.jpg 240w\" sizes=\"(max-width: 399px) 100vw, 399px\" title=\"17195525_1319590724801256_1161697783_o\" alt=\"\" \t\tclass=\"so-widget-image\"\/>\n\t<\/div>\n\n<\/div><\/div><div id=\"panel-358-1-1-1\" class=\"so-panel widget widget_black-studio-tinymce widget_black_studio_tinymce panel-last-child\" data-index=\"4\" ><h3 class=\"widget-title\">ALEXEY YURAKOV, DiS.<\/h3><div class=\"textwidget\"><p data-start=\"150\" data-end=\"203\"><strong data-start=\"150\" data-end=\"201\">\u201eBalet je jedna z v\u00e1\u0161niv\u00fdch l\u00e1sek m\u00e9ho \u017eivota.\u201c<\/strong><\/p>\n<p data-start=\"205\" data-end=\"500\">Alexej Yurakov za\u010dal s baletem ve sv\u00fdch deseti letech. V letech 1994\u20131999 studoval Baletn\u00ed konzervato\u0159 ve Voron\u011b\u017ei. Ihned po ukon\u010den\u00ed studi\u00ed nastoupil do N\u00e1rodn\u00edho divadla ve Voron\u011b\u017ei, kde p\u016fsobil dva roky. N\u00e1sledn\u011b p\u0159ijal nab\u00eddku anga\u017em\u00e1 v N\u00e1rodn\u00edm divadle v Brn\u011b, kde z\u016fstal a\u017e do roku 2007.<\/p>\n<p data-start=\"502\" data-end=\"835\">V dal\u0161\u00ed sez\u00f3n\u011b p\u0159es\u00eddlil do Prahy, kde tan\u010dil jako s\u00f3lista ve St\u00e1tn\u00ed ope\u0159e Praha. V sou\u010dasn\u00e9 dob\u011b je sou\u010d\u00e1st\u00ed souboru Divadla F. X. \u0160aldy v Liberci, kde ztv\u00e1r\u0148uje tituln\u00ed role v inscenac\u00edch <em data-start=\"692\" data-end=\"703\">Periferie<\/em> (Franci), <em data-start=\"714\" data-end=\"741\">Harald \u2013 hv\u011bzda se vrac\u00ed!<\/em> a <em data-start=\"744\" data-end=\"774\">Tan\u010d\u00edrna nevysloven\u00fdch p\u0159\u00e1n\u00ed<\/em>, d\u00e1le tak\u00e9 postavu Gustava Klimta v baletu <em data-start=\"818\" data-end=\"832\">Gustav Klimt<\/em>.<\/p>\n<p data-start=\"837\" data-end=\"1212\">Alexej Yurakov se m\u016f\u017ee pochlubit n\u011bkolika v\u00fdznamn\u00fdmi ocen\u011bn\u00edmi: 3. m\u00edsto na Mezin\u00e1rodn\u00ed tane\u010dn\u00ed sout\u011b\u017ei v Brn\u011b v roce 2003 a 2. m\u00edsto v roce 2006. Role Franciho v baletu <em data-start=\"1007\" data-end=\"1018\">Periferie<\/em> mu v roce 2010 p\u0159inesla \u0161ir\u0161\u00ed nominaci na Cenu Th\u00e1lie, a tot\u00e9\u017e se mu poda\u0159ilo i v roce 2011 za roli Haralda v inscenaci <em data-start=\"1139\" data-end=\"1166\">Harald \u2013 hv\u011bzda se vrac\u00ed!<\/em>. Tane\u010dn\u00ed pedagogice se v\u011bnuje od roku 2013.<\/p>\n<\/div><\/div><\/div><\/div><\/div>","protected":false},"excerpt":{"rendered":"<p>Soukrom\u00e1 baletn\u00ed \u0161kola Malex Ballet School byla zalo\u017eena v\u00a0roce 2013 p\u0159i divadle F. X. \u0160aldy pod veden\u00edm s\u00f3list\u016f baletu Marie Gornalove a Alexeje Yurakova. Je ur\u010dena jak pro d\u011bti, tak \u00a0pro dosp\u011bl\u00e9. \u201eD\u011bl\u00e1m balet s l\u00e1skou a nad\u0161en\u00edm a r\u00e1da p\u0159ed\u00e1v\u00e1m sv\u00e9 um\u011bn\u00ed d\u00e1l.\u201c Narodila se v Jekat\u011brinburgu. Ne\u017e objevila tanec, kter\u00fd se stal jej\u00ed&hellip;<\/p>\n","protected":false},"author":2,"featured_media":0,"parent":410,"menu_order":0,"comment_status":"closed","ping_status":"closed","template":"","meta":{"_acf_changed":false,"two_page_speed":[],"footnotes":""},"class_list":["post-358","page","type-page","status-publish","hentry","no-post-thumbnail","entry"],"acf":[],"_links":{"self":[{"href":"https:\/\/www.malexbalet.cz\/index.php?rest_route=\/wp\/v2\/pages\/358","targetHints":{"allow":["GET"]}}],"collection":[{"href":"https:\/\/www.malexbalet.cz\/index.php?rest_route=\/wp\/v2\/pages"}],"about":[{"href":"https:\/\/www.malexbalet.cz\/index.php?rest_route=\/wp\/v2\/types\/page"}],"author":[{"embeddable":true,"href":"https:\/\/www.malexbalet.cz\/index.php?rest_route=\/wp\/v2\/users\/2"}],"replies":[{"embeddable":true,"href":"https:\/\/www.malexbalet.cz\/index.php?rest_route=%2Fwp%2Fv2%2Fcomments&post=358"}],"version-history":[{"count":5,"href":"https:\/\/www.malexbalet.cz\/index.php?rest_route=\/wp\/v2\/pages\/358\/revisions"}],"predecessor-version":[{"id":2181,"href":"https:\/\/www.malexbalet.cz\/index.php?rest_route=\/wp\/v2\/pages\/358\/revisions\/2181"}],"up":[{"embeddable":true,"href":"https:\/\/www.malexbalet.cz\/index.php?rest_route=\/wp\/v2\/pages\/410"}],"wp:attachment":[{"href":"https:\/\/www.malexbalet.cz\/index.php?rest_route=%2Fwp%2Fv2%2Fmedia&parent=358"}],"curies":[{"name":"wp","href":"https:\/\/api.w.org\/{rel}","templated":true}]}}