{"id":387,"date":"2017-03-06T20:56:37","date_gmt":"2017-03-06T20:56:37","guid":{"rendered":"http:\/\/www.malexbalet.cz\/?page_id=387"},"modified":"2025-09-07T09:39:09","modified_gmt":"2025-09-07T07:39:09","slug":"kalendar-akci-3","status":"publish","type":"page","link":"https:\/\/www.malexbalet.cz\/?page_id=387","title":{"rendered":"Rozvrh hodin \u2013 Malex Ballet School"},"content":{"rendered":"<p><!DOCTYPE html><br \/>\n<html lang=\"cs\"><br \/>\n<head><br \/>\n<meta charset=\"UTF-8\"><br \/>\n<meta name=\"viewport\" content=\"width=device-width, initial-scale=1.0\"><br \/>\n<title>Rozvrh<\/title><\/p>\n<style>\n  table {\n    width: 100%;\n    border-collapse: collapse;\n    font-family: 'Roboto', sans-serif;\n    margin-top: 10px;\n    font-size: 14px;\n  }\n  th, td {\n    border: 1px solid #e0e0e0;\n    padding: 12px;\n    text-align: center;\n  }\n  th {\n    background-color: #f7f7f7;\n    font-weight: 500;\n  }\n  tr:nth-child(even) {\n    background-color: #fafafa;\n  }\n  .sk1A { background-color: #E1C7F7; color: #000; font-weight: 500; }\n  .skA  { background-color: #A9D0F5; color: #000; font-weight: 500; }\n  .skB  { background-color: #B7E4C7; color: #000; font-weight: 500; }\n  .skC  { background-color: #FFD9A6; color: #000; font-weight: 500; }\n  .adults { background-color: #F7A8B8; color: #000; font-weight: 500; }<\/p>\n<p>  .legend {\n    display: flex;\n    flex-wrap: wrap;\n    gap: 15px;\n    margin-bottom: 10px;\n    font-weight: 500;\n    font-family: 'Roboto', sans-serif;\n    font-size: 13px;\n  }\n  .legend div {\n    padding: 4px 8px;\n    border-radius: 4px;\n    color: #000;\n    opacity: 0.9;\n  }\n  .legend .sk1A { background-color: #E1C7F7; }\n  .legend .skA  { background-color: #A9D0F5; }\n  .legend .skB  { background-color: #B7E4C7; }\n  .legend .skC  { background-color: #FFD9A6; }\n  .legend .adults { background-color: #F7A8B8; }<\/p>\n<p>  \/* Mobiln\u00ed verze *\/\n  @media (max-width: 768px) {\n    table, thead, tbody, th, td, tr {\n      display: block;\n    }\n    thead { display: none; }\n    tr {\n      margin-bottom: 15px;\n      border: 1px solid #e0e0e0;\n      border-radius: 8px;\n      padding: 10px;\n      background: #fff;\n    }\n    td {\n      border: none;\n      text-align: left;\n      padding: 6px 10px;\n    }\n    td::before {\n      content: attr(data-label);\n      font-weight: 600;\n      display: block;\n      margin-bottom: 3px;\n      color: #555;\n    }\n  }\n<\/style>\n<p><\/head><br \/>\n<body><\/p>\n<div class=\"legend\">\n<div class=\"sk1A\">Sk. 1A<\/div>\n<div class=\"skA\">Sk. A<\/div>\n<div class=\"skB\">Sk. B<\/div>\n<div class=\"skC\">Sk. C<\/div>\n<div class=\"adults\">Balet dosp\u011bl\u00e9<\/div>\n<\/div>\n<table>\n<tbody>\n<tr>\n<td data-label=\"Den\">Pond\u011bl\u00ed<\/td>\n<td data-label=\"S\u00e1l\">Baletn\u00ed s\u00e1l<\/td>\n<td colspan=\"3\">\u2013<\/td>\n<td>\u2013<\/td>\n<\/tr>\n<tr>\n<td><\/td>\n<td data-label=\"S\u00e1l\">Nov\u00e1 zku\u0161ebna<\/td>\n<td colspan=\"3\">\u2013<\/td>\n<td>\u2013<\/td>\n<\/tr>\n<tr>\n<td data-label=\"Den\">\u00dater\u00fd<\/td>\n<td data-label=\"S\u00e1l\">Baletn\u00ed s\u00e1l<\/td>\n<td class=\"sk1A\">Sk. 1A (15:00\u201316:30)<\/td>\n<td class=\"skB\">Sk. B (16:30\u201317:45)<\/td>\n<td colspan=\"2\">\u2013<\/td>\n<\/tr>\n<tr>\n<td><\/td>\n<td data-label=\"S\u00e1l\">Nov\u00e1 zku\u0161ebna<\/td>\n<td colspan=\"3\">\u2013<\/td>\n<td>\u2013<\/td>\n<\/tr>\n<tr>\n<td data-label=\"Den\">St\u0159eda<\/td>\n<td data-label=\"S\u00e1l\">Baletn\u00ed s\u00e1l<\/td>\n<td colspan=\"2\">\u2013<\/td>\n<td class=\"skC\">Sk. C (17:45\u201319:00)<\/td>\n<td>\u2013<\/td>\n<\/tr>\n<tr>\n<td><\/td>\n<td data-label=\"S\u00e1l\">Nov\u00e1 zku\u0161ebna<\/td>\n<td class=\"skA\">Sk. A (15:30\u201316:30)<\/td>\n<td class=\"skB\">Sk. B (16:30\u201317:45)<\/td>\n<td colspan=\"2\">\u2013<\/td>\n<\/tr>\n<tr>\n<td data-label=\"Den\">\u010ctvrtek<\/td>\n<td data-label=\"S\u00e1l\">Baletn\u00ed s\u00e1l<\/td>\n<td colspan=\"3\">\u2013<\/td>\n<td>\u2013<\/td>\n<\/tr>\n<tr>\n<td><\/td>\n<td data-label=\"S\u00e1l\">Nov\u00e1 zku\u0161ebna<\/td>\n<td colspan=\"3\">\u2013<\/td>\n<td>\u2013<\/td>\n<\/tr>\n<tr>\n<td data-label=\"Den\">P\u00e1tek<\/td>\n<td data-label=\"S\u00e1l\">Baletn\u00ed s\u00e1l<\/td>\n<td colspan=\"2\">\u2013<\/td>\n<td class=\"skC\">Sk. C (17:45\u201319:00)<\/td>\n<td>\u2013<\/td>\n<\/tr>\n<tr>\n<td><\/td>\n<td data-label=\"S\u00e1l\">Nov\u00e1 zku\u0161ebna<\/td>\n<td class=\"skA\">Sk. A (15:30\u201316:30)<\/td>\n<td class=\"skB\">Sk. B (16:30\u201317:45)<\/td>\n<td colspan=\"2\">\u2013<\/td>\n<\/tr>\n<tr>\n<td data-label=\"Den\">Sobota<\/td>\n<td data-label=\"S\u00e1l\">Baletn\u00ed s\u00e1l<\/td>\n<td colspan=\"3\">\u2013<\/td>\n<td>\u2013<\/td>\n<\/tr>\n<tr>\n<td data-label=\"Den\">Ned\u011ble<\/td>\n<td data-label=\"S\u00e1l\">Nov\u00e1 zku\u0161ebna<\/td>\n<td colspan=\"2\">\u2013<\/td>\n<td class=\"adults\">Balet dosp\u011bl\u00e9 (17:00\u201319:00)<\/td>\n<td>\u2013<\/td>\n<\/tr>\n<\/tbody>\n<\/table>\n<p><\/body><br \/>\n<\/html><\/p>\n","protected":false},"excerpt":{"rendered":"<p>Rozvrh Sk. 1A Sk. A Sk. B Sk. C Balet dosp\u011bl\u00e9 Pond\u011bl\u00ed Baletn\u00ed s\u00e1l \u2013 \u2013 Nov\u00e1 zku\u0161ebna \u2013 \u2013 \u00dater\u00fd Baletn\u00ed s\u00e1l Sk. 1A (15:00\u201316:30) Sk. B (16:30\u201317:45) \u2013 Nov\u00e1 zku\u0161ebna \u2013 \u2013 St\u0159eda Baletn\u00ed s\u00e1l \u2013 Sk. C (17:45\u201319:00) \u2013 Nov\u00e1 zku\u0161ebna Sk. A (15:30\u201316:30) Sk. B (16:30\u201317:45) \u2013 \u010ctvrtek Baletn\u00ed s\u00e1l \u2013&hellip;<\/p>\n","protected":false},"author":2,"featured_media":0,"parent":0,"menu_order":0,"comment_status":"closed","ping_status":"closed","template":"","meta":{"_acf_changed":false,"two_page_speed":[],"footnotes":""},"class_list":["post-387","page","type-page","status-publish","hentry","no-post-thumbnail","entry"],"acf":[],"_links":{"self":[{"href":"https:\/\/www.malexbalet.cz\/index.php?rest_route=\/wp\/v2\/pages\/387","targetHints":{"allow":["GET"]}}],"collection":[{"href":"https:\/\/www.malexbalet.cz\/index.php?rest_route=\/wp\/v2\/pages"}],"about":[{"href":"https:\/\/www.malexbalet.cz\/index.php?rest_route=\/wp\/v2\/types\/page"}],"author":[{"embeddable":true,"href":"https:\/\/www.malexbalet.cz\/index.php?rest_route=\/wp\/v2\/users\/2"}],"replies":[{"embeddable":true,"href":"https:\/\/www.malexbalet.cz\/index.php?rest_route=%2Fwp%2Fv2%2Fcomments&post=387"}],"version-history":[{"count":19,"href":"https:\/\/www.malexbalet.cz\/index.php?rest_route=\/wp\/v2\/pages\/387\/revisions"}],"predecessor-version":[{"id":2266,"href":"https:\/\/www.malexbalet.cz\/index.php?rest_route=\/wp\/v2\/pages\/387\/revisions\/2266"}],"wp:attachment":[{"href":"https:\/\/www.malexbalet.cz\/index.php?rest_route=%2Fwp%2Fv2%2Fmedia&parent=387"}],"curies":[{"name":"wp","href":"https:\/\/api.w.org\/{rel}","templated":true}]}}